{"id":1166,"date":"2023-09-01T10:43:28","date_gmt":"2023-09-01T09:43:28","guid":{"rendered":"https:\/\/lightgrey-grasshopper-340469.hostingersite.com\/?page_id=1166"},"modified":"2023-09-01T10:43:30","modified_gmt":"2023-09-01T09:43:30","slug":"avis-legal-2","status":"publish","type":"page","link":"https:\/\/bibianabadiella.com\/ca\/declaracion-de-accesibilidad\/","title":{"rendered":"Declaraci\u00f3 d&#039;accessibilitat"},"content":{"rendered":"<p>Estem compromesos a fer accessible el nostre lloc web de conformitat amb el <a href=\"https:\/\/www.boe.es\/buscar\/act.php?id=BOE-A-2018-12699\" target=\"_blank\" rel=\"noopener\">Reial Decret 1112\/2018, de 7 de setembre<\/a>, sobre accessibilitat dels llocs web i aplicacions per a dispositius m\u00f2bils del sector p\u00fablic (d&#039;ara endavant, Reial Decret 1112\/2018, de 7 de setembre).<\/p>\n\n\n\n<h5 class=\"wp-block-heading\"><strong>SITUACI\u00d3 DE COMPLIMENT<\/strong><\/h5>\n\n\n\n<p>Aquest lloc web \u00e9s parcialment conforme amb el Reial decret 1112\/2018, de 7 de setembre, a causa de la manca de conformitat dels aspectes que s&#039;indiquen a continuaci\u00f3.<\/p>\n\n\n\n<h5 class=\"wp-block-heading\"><strong>CONTINGUT NO ACCESSIBLE<\/strong><\/h5>\n\n\n\n<p>El contingut que es recull a continuaci\u00f3 no \u00e9s accessible pel seg\u00fcent:<\/p>\n\n\n\n<ol class=\"wp-block-list\">\n<li>Manca de conformitat amb el Reial Decret 1112\/2018, de 7 de setembre: podrien existir errors puntuals d&#039;edici\u00f3 en alguna p\u00e0gina web, tant en continguts HTML com en documents finals, publicats en data posterior al 20 de setembre de 2018 (data d&#039;entrada en vigor del Reial decret 1112\/2018, de 7 de setembre). Concretament pot haver-hi errors en aquells documents que contenen gr\u00e0fics, taules complexes o en aquells signats electr\u00f2nicament abans de la revisi\u00f3 d&#039;accessibilitat.<\/li>\n\n\n\n<li>C\u00e0rrega desproporcionada: no s&#039;aplica.<\/li>\n\n\n\n<li>El contingut no entra dins l&#039;\u00e0mbit de la legislaci\u00f3 aplicable: Hi ha arxius ofim\u00e0tics en PDF o altres formats publicats abans del 20 de setembre de 2018 que no compleixen totalment tots els requisits d&#039;accessibilitat; tamb\u00e9 poden estar en aquesta situaci\u00f3 continguts de tercers no finan\u00e7ats, ni desenvolupats, ni sota el control del Ministeri.<\/li>\n<\/ol>\n\n\n\n<h5 class=\"wp-block-heading\"><strong>PREPARACI\u00d3 DE LA PRESENT DECLARACI\u00d3 D&#039;ACCESSIBILITAT<\/strong><\/h5>\n\n\n\n<p>Aquesta declaraci\u00f3 va ser preparada el 25 de juliol de 2023.<\/p>\n\n\n\n<p>El m\u00e8tode emprat per preparar la declaraci\u00f3 ha estat una autoavaluaci\u00f3 duta a terme pel mateix organisme.<\/p>\n\n\n\n<h5 class=\"wp-block-heading\"><strong>OBSERVACIONS I DADES DE CONTACTE<\/strong><\/h5>\n\n\n\n<p>Podeu realitzar comunicacions sobre requisits d&#039;accessibilitat (article 10.2.a) del Reial Decret 1112\/2018, de 7 de setembre) com, per exemple:<\/p>\n\n\n\n<p>Informar sobre qualsevol possible incompliment per part daquest lloc web.<br>Transmetre altres dificultats dacc\u00e9s al contingut.<br>Formular qualsevol altra consulta o suggeriment de millora relativa a laccessibilitat del lloc web.<\/p>\n\n\n\n<p>A trav\u00e9s de les vies seg\u00fcents:<\/p>\n\n\n\n<ul class=\"wp-block-list\">\n<li>Correu electr\u00f2nic: bibiana.badiella@gmail.com<\/li>\n\n\n\n<li>Tel\u00e8fon: 626672278<\/li>\n\n\n\n<li>Les comunicacions seran rebudes i tractades per l&#039;adre\u00e7a de l&#039;empresa com a unitat responsable dels continguts d&#039;aquest lloc web.<\/li>\n<\/ul>\n\n\n\n<h5 class=\"wp-block-heading\"><strong>CONTINGUT OPCIONAL<\/strong><\/h5>\n\n\n\n<p>La versi\u00f3 actualment visible d&#039;aquest lloc web \u00e9s del juliol del 2023 i en aquesta data es va fer la revisi\u00f3 del nivell d&#039;accessibilitat vigent al moment.<\/p>\n\n\n\n<p>A partir de la data esmentada es duen a terme revisions parcials di\u00e0ries del contingut web nou o modificat, tant de les plantilles com de les p\u00e0gines i documents finals publicats, a fi d&#039;assegurar el compliment dels requeriments d&#039;accessibilitat de la Norma UNE-EN 301549 :2019, considerant les excepcions del Reial decret 1112\/2018, de 7 de setembre.<\/p>\n\n\n\n<p>Entre altres, s&#039;adopten les mesures seg\u00fcents per facilitar l&#039;accessibilitat:<\/p>\n\n\n\n<ul class=\"wp-block-list\">\n<li>Utilitzaci\u00f3 de text alternatiu a les imatges.<\/li>\n\n\n\n<li>Els enlla\u00e7os ofereixen detalls de la funci\u00f3 o dest\u00ed de l&#039;hiperenlla\u00e7.<\/li>\n\n\n\n<li>\u00das dels est\u00e0ndards del W3C: XHTML 1.0, CSS 3.0, WAI AA<\/li>\n<\/ul>","protected":false},"excerpt":{"rendered":"<p>Estamos comprometidos a hacer accesible nuestro sitio web de conformidad con el Real Decreto 1112\/2018, de 7 de septiembre, sobre accesibilidad de los sitios web y aplicaciones para dispositivos m\u00f3viles del sector p\u00fablico (en adelante, Real Decreto 1112\/2018, de 7 de septiembre). SITUACI\u00d3N DE CUMPLIMIENTO Este sitio web es parcialmente conforme con el Real Decreto [&hellip;]<\/p>\n","protected":false},"author":1,"featured_media":0,"parent":0,"menu_order":0,"comment_status":"closed","ping_status":"closed","template":"","meta":{"_uag_custom_page_level_css":"","site-sidebar-layout":"default","site-content-layout":"","ast-site-content-layout":"default","site-content-style":"default","site-sidebar-style":"default","ast-global-header-display":"","ast-banner-title-visibility":"","ast-main-header-display":"","ast-hfb-above-header-display":"","ast-hfb-below-header-display":"","ast-hfb-mobile-header-display":"","site-post-title":"","ast-breadcrumbs-content":"","ast-featured-img":"","footer-sml-layout":"","ast-disable-related-posts":"","theme-transparent-header-meta":"","adv-header-id-meta":"","stick-header-meta":"","header-above-stick-meta":"","header-main-stick-meta":"","header-below-stick-meta":"","astra-migrate-meta-layouts":"set","ast-page-background-enabled":"default","ast-page-background-meta":{"desktop":{"background-color":"var(--ast-global-color-4)","background-image":"","background-repeat":"repeat","background-position":"center center","background-size":"auto","background-attachment":"scroll","background-type":"","background-media":"","overlay-type":"","overlay-color":"","overlay-opacity":"","overlay-gradient":""},"tablet":{"background-color":"","background-image":"","background-repeat":"repeat","background-position":"center center","background-size":"auto","background-attachment":"scroll","background-type":"","background-media":"","overlay-type":"","overlay-color":"","overlay-opacity":"","overlay-gradient":""},"mobile":{"background-color":"","background-image":"","background-repeat":"repeat","background-position":"center center","background-size":"auto","background-attachment":"scroll","background-type":"","background-media":"","overlay-type":"","overlay-color":"","overlay-opacity":"","overlay-gradient":""}},"ast-content-background-meta":{"desktop":{"background-color":"var(--ast-global-color-5)","background-image":"","background-repeat":"repeat","background-position":"center center","background-size":"auto","background-attachment":"scroll","background-type":"","background-media":"","overlay-type":"","overlay-color":"","overlay-opacity":"","overlay-gradient":""},"tablet":{"background-color":"var(--ast-global-color-5)","background-image":"","background-repeat":"repeat","background-position":"center center","background-size":"auto","background-attachment":"scroll","background-type":"","background-media":"","overlay-type":"","overlay-color":"","overlay-opacity":"","overlay-gradient":""},"mobile":{"background-color":"var(--ast-global-color-5)","background-image":"","background-repeat":"repeat","background-position":"center center","background-size":"auto","background-attachment":"scroll","background-type":"","background-media":"","overlay-type":"","overlay-color":"","overlay-opacity":"","overlay-gradient":""}},"footnotes":""},"class_list":["post-1166","page","type-page","status-publish","hentry"],"uagb_featured_image_src":{"full":false,"thumbnail":false,"medium":false,"medium_large":false,"large":false,"1536x1536":false,"2048x2048":false,"trp-custom-language-flag":false},"uagb_author_info":{"display_name":"francesc@articagency.com","author_link":"https:\/\/bibianabadiella.com\/ca\/author\/francescarticagency-com\/"},"uagb_comment_info":0,"uagb_excerpt":"Estamos comprometidos a hacer accesible nuestro sitio web de conformidad con el Real Decreto 1112\/2018, de 7 de septiembre, sobre accesibilidad de los sitios web y aplicaciones para dispositivos m\u00f3viles del sector p\u00fablico (en adelante, Real Decreto 1112\/2018, de 7 de septiembre). SITUACI\u00d3N DE CUMPLIMIENTO Este sitio web es parcialmente conforme con el Real Decreto&hellip;","_links":{"self":[{"href":"https:\/\/bibianabadiella.com\/ca\/wp-json\/wp\/v2\/pages\/1166","targetHints":{"allow":["GET"]}}],"collection":[{"href":"https:\/\/bibianabadiella.com\/ca\/wp-json\/wp\/v2\/pages"}],"about":[{"href":"https:\/\/bibianabadiella.com\/ca\/wp-json\/wp\/v2\/types\/page"}],"author":[{"embeddable":true,"href":"https:\/\/bibianabadiella.com\/ca\/wp-json\/wp\/v2\/users\/1"}],"replies":[{"embeddable":true,"href":"https:\/\/bibianabadiella.com\/ca\/wp-json\/wp\/v2\/comments?post=1166"}],"version-history":[{"count":2,"href":"https:\/\/bibianabadiella.com\/ca\/wp-json\/wp\/v2\/pages\/1166\/revisions"}],"predecessor-version":[{"id":1168,"href":"https:\/\/bibianabadiella.com\/ca\/wp-json\/wp\/v2\/pages\/1166\/revisions\/1168"}],"wp:attachment":[{"href":"https:\/\/bibianabadiella.com\/ca\/wp-json\/wp\/v2\/media?parent=1166"}],"curies":[{"name":"wp","href":"https:\/\/api.w.org\/{rel}","templated":true}]}}