{"id":3,"date":"2023-06-01T13:45:09","date_gmt":"2023-06-01T12:45:09","guid":{"rendered":"https:\/\/lightgrey-grasshopper-340469.hostingersite.com\/?page_id=3"},"modified":"2023-06-07T14:32:43","modified_gmt":"2023-06-07T13:32:43","slug":"politica-privadesa","status":"publish","type":"page","link":"https:\/\/bibianabadiella.com\/ca\/politica-privacidad\/","title":{"rendered":"Pol\u00edtica de Privadesa"},"content":{"rendered":"<h4 class=\"wp-block-heading\"><strong>Qu\u00e8 s\u00f3n les&nbsp;<em>cookies<\/em>?<\/strong><\/h4>\n\n\n\n<p>Les&nbsp;<em>cookies<\/em>&nbsp;s\u00f3n petits fitxers de dades que es reben al terminal des del lloc web visitat i s&#039;usen per registrar certes interaccions de la navegaci\u00f3 en un lloc web emmagatzemant dades que podran ser actualitzades i recuperades. Aquests fitxers s&#039;emmagatzemen a l&#039;ordinador de l&#039;usuari i contenen dades an\u00f2nimes que no s\u00f3n perjudicials per al vostre equip. S&#039;utilitzen per recordar les prefer\u00e8ncies de l&#039;usuari, com ara l&#039;idioma seleccionat, les dades d&#039;acc\u00e9s o la personalitzaci\u00f3 de la p\u00e0gina.<\/p>\n\n\n\n<p>Les&nbsp;<em>cookies<\/em>&nbsp;tamb\u00e9 poden ser utilitzades per registrar informaci\u00f3 an\u00f2nima sobre com utilitza el lloc el visitant. Per exemple, des de quina p\u00e0gina web heu accedit o si heu utilitzat un banner publicitari per arribar-hi.<\/p>\n\n\n\n<h4 class=\"wp-block-heading\"><strong>Per qu\u00e8 AQUESTA WEB utilitza&nbsp;<em>cookies<\/em>?<\/strong><\/h4>\n\n\n\n<p>AQUESTA WEB utilitza&nbsp;<em>cookies<\/em>&nbsp;estrictament necess\u00e0ries i essencials perqu\u00e8 utilitzeu els nostres llocs web i pugueu moure lliurement, utilitzar \u00e0rees segures, configurar opcions personalitzades, etc. A m\u00e9s, utilitza&nbsp;<em>cookies<\/em>&nbsp;que recullen dades relatives a lan\u00e0lisi d\u00fas de la web. S&#039;utilitzen per ajudar a millorar el servei per l&#039;usuari, mesurant l&#039;\u00fas i el rendiment de la p\u00e0gina per optimitzar-la i personalitzar-la.<\/p>\n\n\n\n<p>Els nostres llocs tamb\u00e9 poden tenir enlla\u00e7os de xarxes socials (com Facebook o Twitter). AQUEST WEB no controla les&nbsp;<em>cookies<\/em>&nbsp;utilitzades per aquestes webs externes. Per a m\u00e9s informaci\u00f3 sobre les<em>cookies<\/em>&nbsp;de les xarxes socials o altres webs alienes, aconsellem que reviseu les vostres pr\u00f2pies pol\u00edtiques de&nbsp;<em>cookies<\/em>.<\/p>\n\n\n\n<h4 class=\"wp-block-heading\"><strong>Quin \u00fas donem als diferents tipus de&nbsp;<em>cookies<\/em>?<\/strong><\/h4>\n\n\n\n<p><strong>Segons la finalitat:<\/strong><\/p>\n\n\n\n<p><strong>Galetes t\u00e8cniques<\/strong><\/p>\n\n\n\n<p>Les&nbsp;<em>cookies<\/em>&nbsp;t\u00e8cniques s\u00f3n aquelles imprescindibles i estrictament necess\u00e0ries per al funcionament correcte d&#039;un portal web i la utilitzaci\u00f3 de les diferents opcions i serveis que ofereix.<\/p>\n\n\n\n<p>Per exemple, les que serveixen per al manteniment de la sessi\u00f3, gesti\u00f3 del temps de resposta, rendiment o validaci\u00f3 d&#039;opcions, \u00fas d&#039;elements de seguretat, compartici\u00f3 de contingut amb xarxes socials, etc.<\/p>\n\n\n\n<p><strong>Cookies de personalitzaci\u00f3<\/strong><\/p>\n\n\n\n<p>Aquestes&nbsp;<em>cookies<\/em>&nbsp;permeten a lusuari especificar o personalitzar algunes caracter\u00edstiques de les opcions generals de la p\u00e0gina web. Per exemple, definiu l&#039;idioma, la configuraci\u00f3 regional o el tipus de navegador.<\/p>\n\n\n\n<p><strong>Galetes anal\u00edtiques<\/strong><\/p>\n\n\n\n<p>Les&nbsp;<em>cookies<\/em>&nbsp;anal\u00edtiques s\u00f3n les utilitzades pels nostres portals web per elaborar perfils de navegaci\u00f3 i poder con\u00e8ixer les prefer\u00e8ncies dels usuaris per millorar l&#039;oferta de productes i serveis.<\/p>\n\n\n\n<p>Per exemple, mitjan\u00e7ant una&nbsp;<em>galeta<\/em>&nbsp;anal\u00edtica es controlarien les \u00e0rees geogr\u00e0fiques de m\u00e9s inter\u00e8s d&#039;un usuari, quin \u00e9s el producte de m\u00e9s acceptaci\u00f3, etc.<\/p>\n\n\n\n<p><strong>Cookies publicit\u00e0ries \/ de publicitat<\/strong><\/p>\n\n\n\n<p>Les&nbsp;<em>cookies<\/em>&nbsp;publicit\u00e0ries permeten la gesti\u00f3 dels espais publicitaris segons criteris concrets. Per exemple, la freq\u00fc\u00e8ncia dacc\u00e9s, contingut editat, etc.<\/p>\n\n\n\n<p>Les&nbsp;<em>cookies<\/em>&nbsp;publicit\u00e0ries permeten, a trav\u00e9s de la gesti\u00f3 de la publicitat, emmagatzemar informaci\u00f3 del comportament a trav\u00e9s de l&#039;observaci\u00f3 d&#039;h\u00e0bits, estudiant els accessos i formant un perfil de prefer\u00e8ncies de l&#039;usuari, per oferir publicitat relacionada amb els interessos del seu perfil.<\/p>\n\n\n\n<p><strong>Segons termini:<\/strong><\/p>\n\n\n\n<p><strong>Galetes de sessi\u00f3<\/strong><\/p>\n\n\n\n<p>Les&nbsp;<em>cookies<\/em>&nbsp;de sessi\u00f3 s\u00f3n aquelles que duren el temps que l&#039;usuari est\u00e0 navegant per la p\u00e0gina web i s&#039;esborren quan ho acaba de fer.<\/p>\n\n\n\n<p><strong>Galetes persistents<\/strong><\/p>\n\n\n\n<p>Aquestes&nbsp;<em>cookies<\/em>&nbsp;queden emmagatzemades al terminal de l&#039;usuari durant un temps m\u00e9s llarg, facilitant aix\u00ed el control de les prefer\u00e8ncies escollides sense haver de repetir certs par\u00e0metres cada vegada que es visiti el lloc web.<\/p>\n\n\n\n<h4 class=\"wp-block-heading\"><strong>I si no vull tenir aquestes&nbsp;<em>cookies<\/em>&nbsp;o no faig res?<\/strong><\/h4>\n\n\n\n<p>Per complir amb la legislaci\u00f3 vigent, hem de demanar perm\u00eds per gestionar&nbsp;<em>cookies<\/em>. Si decidiu no autoritzar el tractament indicant-nos que no hi esteu d&#039;acord, nom\u00e9s utilitzar\u00edem les&nbsp;<em>cookies<\/em>&nbsp;t\u00e8cniques, ja que s\u00f3n imprescindibles per navegar per la nostra web. En aquest cas, no en emmagatzemar\u00edem cap&nbsp;<em>galeta<\/em>. Si continua navegant pel nostre lloc web sense denegar la seva autoritzaci\u00f3, aix\u00f2 implica que n&#039;accepta l&#039;\u00fas.<\/p>\n\n\n\n<p>Tingueu en compte que si rebutja o esborra les&nbsp;<em>cookies<\/em>&nbsp;de navegaci\u00f3 per la web, no podrem mantenir les seves prefer\u00e8ncies, algunes caracter\u00edstiques de les p\u00e0gines no estaran operatives, no podrem oferir-vos serveis personalitzats i cada vegada que navegueu per la nostra web haurem de sol\u00b7licitar-li de nou la vostra autoritzaci\u00f3 per a l&#039;\u00fas de&nbsp;<em>cookies<\/em>.<\/p>\n\n\n\n<p>Si, tanmateix, decidiu modificar la configuraci\u00f3 del vostre acc\u00e9s a la p\u00e0gina web, heu de saber que \u00e9s possible eliminar les&nbsp;<em>cookies<\/em>&nbsp;o impedir que es registri aquesta informaci\u00f3 al vostre equip en qualsevol moment mitjan\u00e7ant la modificaci\u00f3 dels par\u00e0metres de configuraci\u00f3 del vostre navegador:<\/p>\n\n\n\n<ul class=\"wp-block-list\">\n<li><a href=\"https:\/\/windows.microsoft.com\/es-es\/windows-vista\/block-or-allow-cookies\" target=\"_blank\" rel=\"noopener\">Configuraci\u00f3 de&nbsp;<em>cookies<\/em>&nbsp;d&#039;Internet Explorer<\/a><\/li>\n\n\n\n<li><a href=\"https:\/\/support.mozilla.org\/ca\/kb\/enable-and-disable-cookies-website-preferences\" target=\"_blank\" rel=\"noopener\">Configuraci\u00f3 de&nbsp;<em>cookies<\/em>&nbsp;del Firefox<\/a><\/li>\n\n\n\n<li><a href=\"https:\/\/support.google.com\/chrome\/answer\/95647?hl=ca\" target=\"_blank\" rel=\"noopener\">Configuraci\u00f3 de&nbsp;<em>cookies<\/em>&nbsp;de Google Chrome<\/a><\/li>\n\n\n\n<li><a href=\"https:\/\/support.apple.com\/kb\/HT1677?viewlocale=es_ES&amp;locale=es_ES\" target=\"_blank\" rel=\"noopener\">Configuraci\u00f3 de&nbsp;<em>cookies<\/em>&nbsp;de Safari<\/a><\/li>\n<\/ul>\n\n\n\n<p>Aquests navegadors estan sotmesos a actualitzacions o modificacions, per la qual cosa no podem garantir que s&#039;ajustin completament a la versi\u00f3 del vostre navegador. Tamb\u00e9 podeu utilitzar un altre navegador no contemplat en aquests enlla\u00e7os com Konqueror, Arora, Flock, etc.<\/p>\n\n\n\n<p>Per evitar aquests desajustaments, podeu accedir directament des de les opcions del vostre navegador que es troba generalment al men\u00fa d&#039;Opcions, a la secci\u00f3 de \u201cPrivadesa\u201d. (Si us plau, consulteu l&#039;ajuda del vostre navegador per a m\u00e9s informaci\u00f3.)<\/p>\n\n\n\n<h4 class=\"wp-block-heading\"><strong>Les dades recollides a les&nbsp;<em>cookies<\/em>, s&#039;utilitzen a webs que no s\u00f3n d&#039;AQUESTA WEB?<\/strong><\/h4>\n\n\n\n<p>Alguna de les nostres&nbsp;<em>cookies<\/em>&nbsp;s&#039;utilitza per generar publicitat en xarxes de tercers o per fer anal\u00edtiques per a les quals utilitzem eines externes a AQUESTA WEB. Les&nbsp;<em>cookies<\/em>&nbsp;utilitzades s\u00f3n per a \u00fas exclusiu del banc i el seu grup d&#039;empreses, que en cap cas no les comercialitza.<\/p>\n\n\n\n<p>A aquesta WEB treballem amb prove\u00efdors de confian\u00e7a que ens ajuden en la gesti\u00f3 i personalitzaci\u00f3 de les nostres p\u00e0gines web.<\/p>\n\n\n\n<h4 class=\"wp-block-heading\"><strong>Aleshores, qu\u00e8 significa la informaci\u00f3 anterior?<\/strong><\/h4>\n\n\n\n<p>Si accepta les nostres&nbsp;<em>cookies<\/em>, ens permet la millora de les webs d&#039;AQUESTA WEB per oferir-vos un acc\u00e9s \u00f2ptim i donar-vos un servei m\u00e9s efica\u00e7 i personalitzat.<\/p>\n\n\n\n<p>A m\u00e9s, podeu configurar el vostre navegador per establir que nom\u00e9s els llocs web de confian\u00e7a o les p\u00e0gines per les quals esteu navegant en aquell moment puguin gestionar&nbsp;<em>cookies<\/em>, el que us permet seleccionar les vostres prefer\u00e8ncies.<\/p>\n\n\n\n<p>Amb aquesta pol\u00edtica, AQUESTA WEB demostra el comprom\u00eds adquirit amb la legislaci\u00f3 vigent sobre l&#039;\u00fas de&nbsp;<em>cookies<\/em>, donant-li informaci\u00f3 perqu\u00e8 vost\u00e8 pugui comprendre quin tipus de&nbsp;<em>cookies<\/em>utilitzarem i per qu\u00e8 ho fem. Amb aix\u00f2 pretenem proporcionar transpar\u00e8ncia en relaci\u00f3 amb les dades tractades durant la navegaci\u00f3 feta des del seu equip a la nostra web.<\/p>\n\n\n\n<p>Aquesta pol\u00edtica es revisa peri\u00f2dicament per assegurar-ne la vig\u00e8ncia, per la qual cosa es pot modificar. Us recomanem que visiteu la p\u00e0gina amb regularitat, on us informarem de qualsevol actualitzaci\u00f3.<\/p>\n\n\n\n<h4 class=\"wp-block-heading\"><strong>On puc obtenir m\u00e9s informaci\u00f3?<\/strong><\/h4>\n\n\n\n<p>Si necessiteu obtenir m\u00e9s informaci\u00f3 sobre la directiva de&nbsp;<em>cookies<\/em>, si us plau, consulteu el Butllet\u00ed Oficial de l&#039;Estat publicat el passat 31 de mar\u00e7 de 2012 (per a Espanya), en qu\u00e8 es transposen les directives en mat\u00e8ria de comunicacions electr\u00f2niques. Tamb\u00e9 es pot consultar la directiva a&nbsp;<a href=\"https:\/\/ico.org.uk\/\" target=\"_blank\" rel=\"noreferrer noopener\">Information Commissioner Office<\/a>&nbsp;(en angl\u00e8s).<\/p>\n\n\n\n<p>Addicionalment, podeu accedir a uns v\u00eddeos did\u00e0ctics publicats per l&#039;Ag\u00e8ncia Espanyola de Protecci\u00f3 de Dades on s&#039;explica, pas a pas, com configurar les opcions de privadesa dels navegadors, les xarxes socials i els sistemes operatius m\u00f2bils m\u00e9s comuns, a&nbsp;<a href=\"https:\/\/www.youtube.com\/user\/desdelaAEPD\" target=\"_blank\" rel=\"noreferrer noopener\">V\u00eddeos AEPD<\/a>.<\/p>","protected":false},"excerpt":{"rendered":"<p>Qu\u00e9 son las&nbsp;cookies? Las&nbsp;cookies&nbsp;son peque\u00f1os archivos de datos que se reciben en el terminal desde el sitio web visitado y se usan para registrar ciertas interacciones de la navegaci\u00f3n en un sitio web almacenando datos que podr\u00e1n ser actualizados y recuperados. Estos archivos se almacenan en el ordenador del usuario y contienen datos an\u00f3nimos que [&hellip;]<\/p>\n","protected":false},"author":1,"featured_media":0,"parent":0,"menu_order":0,"comment_status":"closed","ping_status":"closed","template":"","meta":{"_uag_custom_page_level_css":"","site-sidebar-layout":"default","site-content-layout":"","ast-site-content-layout":"default","site-content-style":"default","site-sidebar-style":"default","ast-global-header-display":"","ast-banner-title-visibility":"","ast-main-header-display":"","ast-hfb-above-header-display":"","ast-hfb-below-header-display":"","ast-hfb-mobile-header-display":"","site-post-title":"","ast-breadcrumbs-content":"","ast-featured-img":"","footer-sml-layout":"","ast-disable-related-posts":"","theme-transparent-header-meta":"","adv-header-id-meta":"","stick-header-meta":"","header-above-stick-meta":"","header-main-stick-meta":"","header-below-stick-meta":"","astra-migrate-meta-layouts":"default","ast-page-background-enabled":"default","ast-page-background-meta":{"desktop":{"background-color":"var(--ast-global-color-4)","background-image":"","background-repeat":"repeat","background-position":"center center","background-size":"auto","background-attachment":"scroll","background-type":"","background-media":"","overlay-type":"","overlay-color":"","overlay-opacity":"","overlay-gradient":""},"tablet":{"background-color":"","background-image":"","background-repeat":"repeat","background-position":"center center","background-size":"auto","background-attachment":"scroll","background-type":"","background-media":"","overlay-type":"","overlay-color":"","overlay-opacity":"","overlay-gradient":""},"mobile":{"background-color":"","background-image":"","background-repeat":"repeat","background-position":"center center","background-size":"auto","background-attachment":"scroll","background-type":"","background-media":"","overlay-type":"","overlay-color":"","overlay-opacity":"","overlay-gradient":""}},"ast-content-background-meta":{"desktop":{"background-color":"var(--ast-global-color-5)","background-image":"","background-repeat":"repeat","background-position":"center center","background-size":"auto","background-attachment":"scroll","background-type":"","background-media":"","overlay-type":"","overlay-color":"","overlay-opacity":"","overlay-gradient":""},"tablet":{"background-color":"var(--ast-global-color-5)","background-image":"","background-repeat":"repeat","background-position":"center center","background-size":"auto","background-attachment":"scroll","background-type":"","background-media":"","overlay-type":"","overlay-color":"","overlay-opacity":"","overlay-gradient":""},"mobile":{"background-color":"var(--ast-global-color-5)","background-image":"","background-repeat":"repeat","background-position":"center center","background-size":"auto","background-attachment":"scroll","background-type":"","background-media":"","overlay-type":"","overlay-color":"","overlay-opacity":"","overlay-gradient":""}},"footnotes":""},"class_list":["post-3","page","type-page","status-publish","hentry"],"uagb_featured_image_src":{"full":false,"thumbnail":false,"medium":false,"medium_large":false,"large":false,"1536x1536":false,"2048x2048":false,"trp-custom-language-flag":false},"uagb_author_info":{"display_name":"francesc@articagency.com","author_link":"https:\/\/bibianabadiella.com\/ca\/author\/francescarticagency-com\/"},"uagb_comment_info":0,"uagb_excerpt":"Qu\u00e9 son las&nbsp;cookies? Las&nbsp;cookies&nbsp;son peque\u00f1os archivos de datos que se reciben en el terminal desde el sitio web visitado y se usan para registrar ciertas interacciones de la navegaci\u00f3n en un sitio web almacenando datos que podr\u00e1n ser actualizados y recuperados. Estos archivos se almacenan en el ordenador del usuario y contienen datos an\u00f3nimos que&hellip;","_links":{"self":[{"href":"https:\/\/bibianabadiella.com\/ca\/wp-json\/wp\/v2\/pages\/3","targetHints":{"allow":["GET"]}}],"collection":[{"href":"https:\/\/bibianabadiella.com\/ca\/wp-json\/wp\/v2\/pages"}],"about":[{"href":"https:\/\/bibianabadiella.com\/ca\/wp-json\/wp\/v2\/types\/page"}],"author":[{"embeddable":true,"href":"https:\/\/bibianabadiella.com\/ca\/wp-json\/wp\/v2\/users\/1"}],"replies":[{"embeddable":true,"href":"https:\/\/bibianabadiella.com\/ca\/wp-json\/wp\/v2\/comments?post=3"}],"version-history":[{"count":2,"href":"https:\/\/bibianabadiella.com\/ca\/wp-json\/wp\/v2\/pages\/3\/revisions"}],"predecessor-version":[{"id":151,"href":"https:\/\/bibianabadiella.com\/ca\/wp-json\/wp\/v2\/pages\/3\/revisions\/151"}],"wp:attachment":[{"href":"https:\/\/bibianabadiella.com\/ca\/wp-json\/wp\/v2\/media?parent=3"}],"curies":[{"name":"wp","href":"https:\/\/api.w.org\/{rel}","templated":true}]}}